{"id":249,"date":"2020-12-10T22:24:24","date_gmt":"2020-12-10T22:24:24","guid":{"rendered":"https:\/\/pifj-oea.org\/plataforma-educativa\/?page_id=249"},"modified":"2022-07-10T04:51:45","modified_gmt":"2022-07-09T22:51:45","slug":"terminos-y-condiciones","status":"publish","type":"page","link":"https:\/\/pifj-oea.org\/plataforma-educativa\/terminos-y-condiciones\/","title":{"rendered":"T\u00e9rminos y condiciones"},"content":{"rendered":"<div style=\"text-align: justify; text-justify: inter-word;\">\r\n<p><strong>1. Introducci\u00f3n<\/strong><\/p>\r\n\r\n\r\n\r\n<p>\u00a1Hola! Muchas gracias por estar aqu\u00ed<\/p>\r\n\r\n\r\n\r\n<p>Lea esto detenidamente antes de usar nuestro sitio, servicios, productos. Este acuerdo (\u201d T\u00e9rminos y condiciones \u201c, \u201d T &amp; C \u201c, \u201d ToS \u201c) es un contrato legal entre usted (\u201d usted \u201c) y el Portal Educativo del Programa Interamericano de Facilitadores Judiciales.<\/p>\r\n\r\n\r\n\r\n<p>Al usar este sitio web, estar\u00e1 sujeto a estos T &amp; C y a la pol\u00edtica de privacidad de la pifj-oea.org(\u201d Pol\u00edtica de privacidad \u201c). Si no acepta estos T\u00e9rminos y condiciones y \/ o la Pol\u00edtica de privacidad, no debe utilizar este sitio web.<\/p>\r\n\r\n\r\n\r\n<p>Estos t\u00e9rminos y condiciones se aplican a los servicios disponibles y relacionados con el sitio web, incluidos, entre otros, los canales de comunicaci\u00f3n propiedad de la empresa o de terceros, accesibles o relacionados con el contenido del sitio web (junto con el sitio web, los \u201d Servicios \u201c).<\/p>\r\n\r\n\r\n\r\n<p>Tambi\u00e9n hemos incluido algunas anotaciones que no son parte del contrato en s\u00ed, pero est\u00e1n destinadas a ayudarlo a comprender nuestros t\u00e9rminos justos.<\/p>\r\n\r\n\r\n\r\n<p>Recuerde que al usar este sitio web y sus servicios est\u00e1 obligado a un contrato legal, que se incluye en esta p\u00e1gina. Aseg\u00farese de leer todo antes de continuar y si tiene alguna pregunta o sugerencia no dude en ponerse en contacto con nosotros en info@pifj-oea.org<\/p>\r\n\r\n\r\n\r\n<p><strong>2. Cambios en el sitio web y sus servicios<\/strong><\/p>\r\n\r\n\r\n\r\n<p>El Programa Portal Educativo del Programa Interamericano de Facilitadores Judiciales puede modificar, reemplazar, rechazar el acceso, suspender o descontinuar el sitio web, parcial o totalmente, o cambiar y modificar los precios de todo o parte de los Servicios a nuestro exclusivo criterio.<\/p>\r\n\r\n\r\n\r\n<p>Todos estos cambios entrar\u00e1n en vigencia a partir de su publicaci\u00f3n en nuestro sitio; su uso de los Servicios despu\u00e9s de dicho evento constituye su aceptaci\u00f3n de los T\u00e9rminos y condiciones, tal como fueron modificados.<\/p>\r\n\r\n\r\n\r\n<p>El Programa Interamericano de Facilitadores Judiciales se reserva el derecho de enmendar y alterar estos T\u00e9rminos y Condiciones. En tal caso, El Programa Interamericano de Facilitadores Judiciales publicar\u00e1 los T\u00e9rminos y Condiciones modificados en este sitio web. Los cambios se aplicar\u00e1n a partir de la fecha de publicaci\u00f3n.<\/p>\r\n\r\n\r\n\r\n<p>Si despu\u00e9s de que los T\u00e9rminos y condiciones y \/ o la Pol\u00edtica de privacidad hayan sido modificados o modificados, usted no acepta sus nuevos t\u00e9rminos, debe dejar de usar este sitio web.<\/p>\r\n\r\n\r\n\r\n<p>A medida que pifj-oea.org crece y mejora, es posible que tengamos que realizar cambios en nuestro sitio web y \/ o nuestros T &amp; C, incluida la suspensi\u00f3n de ciertos servicios, la modificaci\u00f3n de precios, productos, etc. Esperamos que esto sea un beneficio para usted, pero compruebe siempre este documento antes de utilizar nuestros Servicios.<\/p>\r\n\r\n\r\n\r\n<p><strong>3. Sus datos personales<\/strong><\/p>\r\n\r\n\r\n\r\n<p style=\"text-align: justify; text-justify: inter-word;\">Respetamos sus derechos con respecto a su privacidad e informaci\u00f3n, y proporcionamos esta Pol\u00edtica de privacidad para ayudarlo a comprender c\u00f3mo recopilamos, usamos, compartimos, almacenamos y divulgamos la informaci\u00f3n que obtenemos de usted o sobre usted cuando utiliza los Servicios.<\/p>\r\n\r\n\r\n\r\n<p style=\"text-align: justify; text-justify: inter-word;\">Esta Pol\u00edtica de Privacidad tambi\u00e9n describe las opciones disponibles para usted con respecto al uso de, su acceso y c\u00f3mo actualizar y corregir su informaci\u00f3n.<\/p>\r\n\r\n\r\n\r\n<p style=\"text-align: justify; text-justify: inter-word;\">La privacidad nos importa Queremos ocuparnos de sus datos personales en caso de que necesitemos almacenarlos y conservarlos, mientras le brindamos todas las herramientas posibles para acceder, actualizar, descargar y eliminar en caso de que desee hacerlo.<\/p>\r\n\r\n\r\n\r\n<p><strong>4. Su uso de este sitio web<\/strong><\/p>\r\n\r\n\r\n\r\n<p>No debe usar este sitio web para nada que sea ilegal o que est\u00e9 prohibido por estos T &amp; C y \/ o cualquier otro aviso en este sitio web.<\/p>\r\n\r\n\r\n\r\n<p>pifj-oea.org aconseja que busque asesoramiento profesional antes de confiar en cualquier informaci\u00f3n en este sitio web. Bajo ninguna circunstancia, Portal Educativo ser\u00e1 responsable de ninguna manera por la informaci\u00f3n que proporciona en el Sitio web a trav\u00e9s de los Servicios, incluidos, entre otros, cualquier error u omisi\u00f3n en cualquier contenido e informaci\u00f3n, incluidos, entre otros, texto, software, fotograf\u00edas, gr\u00e1ficos, videos u otro material (tambi\u00e9n conocido como \u201d Contenido \u201c), o cualquier p\u00e9rdida o da\u00f1o de cualquier tipo incurrido en relaci\u00f3n con el uso o la exposici\u00f3n a cualquier Contenido publicado, enviado por correo electr\u00f3nico, accedido, transmitido o de otra forma disponible a trav\u00e9s del Servicios.<\/p>\r\n\r\n\r\n\r\n<p>Usted declara y garantiza a pifj-oea.org que es mayor de edad para formar un contrato vinculante o tiene el permiso de sus padres para hacerlo. Tambi\u00e9n certifica que est\u00e1 legalmente autorizado a usar y acceder a los Servicios y asumir la total responsabilidad de la selecci\u00f3n, el uso y el acceso a los Servicios. Este acuerdo es nulo donde lo proh\u00edba la ley y el derecho de acceso a los Servicios se revoca en dichas jurisdicciones.<\/p>\r\n\r\n\r\n\r\n<p>Si realiza un enlace al sitio web, podemos revocar su derecho a hacerlo en cualquier momento. Nos reservamos el derecho de solicitar un consentimiento previo por escrito antes de vincularlo al sitio web.<\/p>\r\n\r\n\r\n\r\n<p>Usted indemnizar\u00e1 y mantendr\u00e1 indemne a pifj-oea.org, sus organizaciones matrices, subsidiarias, afiliadas, funcionarios y empleados (incluidos, entre otros, todos los da\u00f1os, responsabilidades, liquidaciones, costos y honorarios de abogados) de cualquier reclamaci\u00f3n o demanda presentada por un tercero. debido o que surja de su acceso a los Servicios, el uso de los Servicios, su violaci\u00f3n de estos T &amp; C o la infracci\u00f3n por parte suya o de cualquier tercero que utilice su cuenta de cualquier propiedad intelectual u otro derecho de cualquier persona o entidad.<\/p>\r\n\r\n\r\n\r\n<p>No haga spam, copie, vincule, duplique, conf\u00ede en nuestro sitio web y su contenido. Intentamos hacerlo lo mejor posible y esperamos que pueda utilizar pifj-oea.org legalmente. \u00a1Gracias por su comprensi\u00f3n!<\/p>\r\n\r\n\r\n\r\n<p><strong>5. Su cuenta de sitio web<\/strong><\/p>\r\n\r\n\r\n\r\n<p>Para registrar una cuenta (\u201d Cuenta \u201c) en este sitio web, necesita:<\/p>\r\n\r\n\r\n\r\n<p>a) proporcione su nombre y direcci\u00f3n de correo electr\u00f3nico y suscr\u00edbase a este sitio web (\u201d Suscriptor \u201c) para obtener acceso al contenido privado de este sitio web al que ha solicitado acceso.<\/p>\r\n\r\n\r\n\r\n<p>b) complete el proceso de pago proporcionando detalles de facturaci\u00f3n y convi\u00e9rtase en cliente de este sitio web (\u201d Cliente \u201c) y acceda a los servicios que ha adquirido.<\/p>\r\n\r\n\r\n\r\n<p>Debe proporcionar informaci\u00f3n verdadera, precisa, actual y completa sobre usted al completar los formularios. Si la informaci\u00f3n proporcionada por usted no es verdadera, precisa, actual y completa, la pifj-oea.org tiene el derecho de cancelar su cuenta y rechazar cualquier y todo el uso actual o futuro de este sitio web.<\/p>\r\n\r\n\r\n\r\n<p>El registro de cuenta requiere al menos su nombre y una direcci\u00f3n de correo electr\u00f3nico v\u00e1lida. Su nombre de usuario (\u201d Nombre de usuario \u201c) y una contrase\u00f1a segura (\u201d Contrase\u00f1a \u201c) le ser\u00e1n enviados por correo electr\u00f3nico.<\/p>\r\n\r\n\r\n\r\n<p>pifj-oea.org se reserva el derecho de cancelar su nombre de usuario y contrase\u00f1a sin previo aviso si la pifj-oea.org tiene conocimiento de cualquier incumplimiento de estos T &amp; C.<\/p>\r\n\r\n\r\n\r\n<p>Una vez que la pifj-oea.org le haya enviado un correo electr\u00f3nico de confirmaci\u00f3n, se convertir\u00e1 en un miembro (\u201d Miembro \u201c, es decir, un Cliente o un Suscriptor que tiene una Cuenta en este sitio web) y podr\u00e1 acceder a los Servicios disponibles a trav\u00e9s del Sitio web.<\/p>\r\n\r\n\r\n\r\n<p>Puede cancelar su Cuenta en cualquier momento. Por favor cont\u00e1ctenos a info@pifj-oea.org<\/p>\r\n\r\n\r\n\r\n<p>Es posible que deba registrar una cuenta para acceder a nuestros Servicios o al historial de su pedido. De cualquier forma, gracias por ser miembro de pifj-oea.org. Ahora puede iniciar sesi\u00f3n en su escritorio virtual, acceder a sus datos e incluso cancelar su cuenta si lo desea.<\/p>\r\n\r\n\r\n\r\n\r\n\r\n<p><strong>6. Contenido y servicios de terceros<\/strong><\/p>\r\n\r\n\r\n\r\n<p>pifj-oea.org no es un agente de ning\u00fan tercero o parte designada o vinculada a este sitio web (\u201d Terceros \u201c) y no tiene autoridad para actuar en nombre de dichos Terceros. pifj-oea.org no controla ni respalda y no es responsable de ning\u00fan Contenido, publicidad, productos u otros materiales disponibles en dichos Terceros.<\/p>\r\n\r\n\r\n\r\n<p>Usted acepta que no somos responsables de la disponibilidad o el contenido de dichos sitios de terceros, o los servicios que prestan, que se regir\u00e1n por los T\u00e9rminos y condiciones de ese negocio de terceros. Su uso de sitios y servicios de terceros es bajo su propio riesgo. Usted acepta cumplir con los t\u00e9rminos y condiciones relevantes de cualquier proveedor de servicios de terceros.<\/p>\r\n\r\n\r\n\r\n<p>Usted acepta que (en la m\u00e1xima medida permitida por la ley aplicable), pifj-oea.org (y nuestros funcionarios, directores y empleados) no tendr\u00e1n ninguna responsabilidad hacia usted en relaci\u00f3n con cualquier disputa que pueda tener con un tercero, sin limitaci\u00f3n uno o m\u00e1s de sus clientes y \/ o cualquier otro usuario de este sitio web.<\/p>\r\n\r\n\r\n\r\n<p><strong>7. Propiedad intelectual<\/strong><\/p>\r\n\r\n\r\n\r\n<p>Usted reconoce y acepta que todo el Contenido provisto en el Sitio web o a trav\u00e9s de los Servicios est\u00e1 protegido por derechos de autor.<\/p>\r\n\r\n\r\n\r\n<p>No deber\u00e1 usar, copiar, reproducir, modificar, traducir, publicar, transmitir, transmitir, distribuir, ejecutar, cargar, exhibir, licenciar, vender o explotar de ning\u00fan modo cualquier contenido o contenido de terceros u otros derechos de propiedad que no sean de su propiedad. sin previo consentimiento por escrito.<\/p>\r\n\r\n\r\n\r\n<p><strong>8. Terminaci\u00f3n<\/strong><\/p>\r\n\r\n\r\n\r\n<p>Sin perjuicio de cualquier recurso que pifj-oea.org pueda tener contra usted, la pifj-oea.org puede terminar o suspender con efecto inmediato y sin previo aviso su acceso y uso de este sitio web si:<\/p>\r\n\r\n\r\n\r\n<p>\u00a0\u00a0 Cree razonablemente que ha incumplido alguno de estos T\u00e9rminos y condiciones;<\/p>\r\n\r\n\r\n\r\n<p>\u00a0\u00a0\u00a0 No puede verificar la exactitud o validez de cualquier informaci\u00f3n que usted proporcione;<\/p>\r\n\r\n\r\n\r\n<p>\u00a0\u00a0\u00a0 O sospecha de una actividad fraudulenta, abusiva o ilegal por su parte.<\/p>\r\n\r\n\r\n\r\n<p>Si objeta alguno de estos T\u00e9rminos y condiciones, o cualquier cambio posterior a los mismos, o no est\u00e1 satisfecho con este sitio web de alguna manera, su \u00fanico recurso es descontinuar inmediatamente el acceso o uso de este sitio web.<\/p>\r\n\r\n\r\n\r\n<p>Esperamos que esto nunca suceda. Sin embargo, si descubrimos que no est\u00e1 siguiendo estos T &amp; C, podr\u00edamos decidir rescindir este contrato con usted.<\/p>\r\n\r\n\r\n\r\n<p><strong>9. Renuncia de garant\u00eda y limitaci\u00f3n de responsabilidad<\/strong><\/p>\r\n\r\n\r\n\r\n<p>pifj-oea.org no tiene ninguna relaci\u00f3n especial con usted ni deberes fiduciarios. Usted reconoce que la pifj-oea.org no tiene control ni tiene la obligaci\u00f3n de tomar medidas con respecto a:<\/p>\r\n\r\n\r\n\r\n<p>\u00a0\u00a0\u00a0 qu\u00e9 usuarios obtienen acceso a los Servicios;<\/p>\r\n\r\n\r\n\r\n<p>\u00a0\u00a0\u00a0 a qu\u00e9 contenido accedes a trav\u00e9s de los Servicios;<\/p>\r\n\r\n\r\n\r\n<p>\u00a0\u00a0\u00a0 qu\u00e9 efectos puede tener el contenido sobre usted;<\/p>\r\n\r\n\r\n\r\n<p>\u00a0\u00a0\u00a0 c\u00f3mo puede interpretar o usar el Contenido;<\/p>\r\n\r\n\r\n\r\n<p>\u00a0\u00a0\u00a0 o qu\u00e9 acciones puede tomar como resultado de haber estado expuesto al Contenido.<\/p>\r\n\r\n\r\n\r\n<p>Usted exime a la pifj-oea.org de toda responsabilidad por el hecho de que haya adquirido o no Contenido a trav\u00e9s de los Servicios. Los Servicios pueden contener o dirigirlo a sitios web que contienen informaci\u00f3n que algunas personas pueden considerar ofensiva o inapropiada.<\/p>\r\n\r\n\r\n\r\n<p>Los servicios, contenido, sitio web y cualquier software se proporcionan \u201ctal cual\u201d, sin garant\u00edas de ninguna clase, ya sean expresas o impl\u00edcitas, incluyendo, sin limitaci\u00f3n, las garant\u00edas impl\u00edcitas de comerciabilidad, idoneidad para un prop\u00f3sito particular, no infracci\u00f3n, o que el uso de los servicios ser\u00e1 ininterrumpido o libre de errores.<\/p>\r\n\r\n\r\n\r\n<p>En ning\u00fan caso, la pifj-oea.org o sus proveedores, o sus respectivos funcionarios, directores, empleados o agentes ser\u00e1n responsables del sitio web o de los servicios o del asunto de este acuerdo bajo ning\u00fan contrato, negligencia, agravio, responsabilidad estricta u otra \u00edndole o teor\u00eda equitativa (i) para cualquier cantidad en el conjunto en exceso de la mayor\u00eda de las tarifas pagadas por usted por los servicios comprados a trav\u00e9s del sitio web durante el per\u00edodo de seis meses anterior al reclamo aplicable; (ii) por cualquier da\u00f1o especial, indirecto, incidental, punitivo o consecuencial de cualquier tipo; (iii) para la p\u00e9rdida de datos o el costo de la adquisici\u00f3n de bienes o servicios sustitutos; (iv) para cualquier materia m\u00e1s all\u00e1 del control razonable de la pifj-oea.org; o (v) para cualquier acci\u00f3n de, o servicios proporcionados por, terceros proveedores de servicios negocios o contratistas independientes que brindan servicios en nombre de la pifj-oea.org.<\/p>\r\n\r\n\r\n\r\n<p><strong>10. General<\/strong><\/p>\r\n\r\n\r\n\r\n<p>Si bien la pifj-oea.org tratar\u00e1 de proporcionarle acceso ininterrumpido a este Sitio web y sus Servicios, la pifj-oea.org puede tener que retirar, modificar, descontinuar o suspender de manera temporal o permanente uno o m\u00e1s aspectos de este Sitio web donde la pifj-oea.org tenga un conocimiento legal, t\u00e9cnico u otro una buena raz\u00f3n para hacerlo (incluidas las dificultades t\u00e9cnicas experimentadas por la pifj-oea.org\/plataforma-educativa o cualquier infraestructura de Internet). Sin embargo, la pifj-oea.org\/plataforma-educativa intentar\u00e1, siempre que sea posible, dar aviso razonable de la intenci\u00f3n de la pifj-oea.org de hacerlo.<\/p>\r\n\r\n\r\n\r\n<p>pifj-oea.org se reserva el derecho de retener, eliminar y \/ o descartar cualquier Contenido disponible como parte de su cuenta, con o sin previo aviso si la pifj-oea.org lo considera contrario a estos T\u00e9rminos y Condiciones.<\/p>\r\n\r\n\r\n\r\n<p>Si la pifj-oea.org no ejerce o hace cumplir un derecho bajo los T\u00e9rminos y Condiciones, dicha falla no constituir\u00e1 una renuncia a dicho derecho o disposici\u00f3n.<\/p>\r\n\r\n\r\n\r\n<p>Si una corte de la jurisdicci\u00f3n competente determina que una disposici\u00f3n de estos T\u00e9rminos y condiciones es inv\u00e1lida, dicha disposici\u00f3n se considerar\u00e1 cortada y la validez y aplicabilidad de las disposiciones restantes no se ver\u00e1n afectadas. Sin embargo, las partes acuerdan que el tribunal debe esforzarse por dar efecto a las intenciones de las partes tal como se refleja en la disposici\u00f3n.<\/p>\r\n\r\n\r\n\r\n<p>Cada parte reconoce que al suscribir estos T\u00e9rminos y condiciones, no conf\u00eda, ni se ha basado, en ninguna declaraci\u00f3n (ya sea negligente o inocente), declaraci\u00f3n o garant\u00eda hecha o acordada por ninguna persona (ya sea parte de estos T\u00e9rminos y condiciones). Condiciones o no) excepto aquellas expresamente establecidas en estos T\u00e9rminos y Condiciones.<\/p>\r\n\r\n\r\n\r\n<p>A menos que se estipule expresamente en los T\u00e9rminos y condiciones, ning\u00fan t\u00e9rmino de ellos ser\u00e1 ejecutable por ninguna persona que no sea parte en el mismo.<\/p>\r\n\r\n\r\n\r\n<p>Siguiendo con la secci\u00f3n anterior, estas son una vez m\u00e1s reglas importantes con respecto a la responsabilidad. Siempre se cuidadoso. Siempre cont\u00e1ctenos antes de hacer cualquier cosa si no est\u00e1 100% seguro.<\/p>\r\n\r\n\r\n\r\n<p><strong>11. Contacto \/ Comentarios<\/strong><\/p>\r\n\r\n\r\n\r\n<p>Si tiene alguna pregunta sobre este Acuerdo o si desea denunciar incumplimientos de este Acuerdo, cont\u00e1ctenos enviando un correo electr\u00f3nico a info@pifj-oea.org<\/p>\r\n\r\n\r\n\r\n<p>\u00a0Gracias por leer todo el documento. Usted es uno de los pocos que comprende la importancia de los contratos legales y hace las cosas con cuidado. mucha suerte y que disfrutes tu proceso de crecimiento en\u00a0<em>pifj-oea.org <\/em>\u00a1Gracias!<\/p>\r\n<\/div>","protected":false},"excerpt":{"rendered":"<p>1. Introducci\u00f3n \u00a1Hola! Muchas gracias por estar aqu\u00ed Lea esto detenidamente antes de usar nuestro sitio, servicios, productos. Este acuerdo (\u201d T\u00e9rminos y condiciones \u201c, \u201d T &amp; C \u201c, \u201d ToS \u201c) es un contrato legal entre usted (\u201d usted \u201c) y el Portal Educativo del Programa Interamericano de Facilitadores Judiciales. Al usar este &hellip;<\/p>\n<p class=\"read-more\"> <a class=\"\" href=\"https:\/\/pifj-oea.org\/plataforma-educativa\/terminos-y-condiciones\/\"> <span class=\"screen-reader-text\">T\u00e9rminos y condiciones<\/span> Leer m\u00e1s &raquo;<\/a><\/p>\n","protected":false},"author":21,"featured_media":0,"parent":0,"menu_order":0,"comment_status":"closed","ping_status":"closed","template":"","meta":{"site-sidebar-layout":"no-sidebar","site-content-layout":"default","ast-global-header-display":"","ast-main-header-display":"","ast-hfb-above-header-display":"","ast-hfb-below-header-display":"","ast-hfb-mobile-header-display":"","site-post-title":"","ast-breadcrumbs-content":"","ast-featured-img":"","footer-sml-layout":"","theme-transparent-header-meta":"default","adv-header-id-meta":"","stick-header-meta":"","header-above-stick-meta":"","header-main-stick-meta":"","header-below-stick-meta":""},"yoast_head":"<!-- This site is optimized with the Yoast SEO plugin v20.1 - https:\/\/yoast.com\/wordpress\/plugins\/seo\/ -->\n<title>T\u00e9rminos y condiciones - Plataforma Educativa<\/title>\n<meta name=\"robots\" content=\"noindex, nofollow\" \/>\n<meta property=\"og:locale\" content=\"es_ES\" \/>\n<meta property=\"og:type\" content=\"article\" \/>\n<meta property=\"og:title\" content=\"T\u00e9rminos y condiciones - Plataforma Educativa\" \/>\n<meta property=\"og:description\" content=\"1. Introducci\u00f3n \u00a1Hola! Muchas gracias por estar aqu\u00ed Lea esto detenidamente antes de usar nuestro sitio, servicios, productos. Este acuerdo (\u201d T\u00e9rminos y condiciones \u201c, \u201d T &amp; C \u201c, \u201d ToS \u201c) es un contrato legal entre usted (\u201d usted \u201c) y el Portal Educativo del Programa Interamericano de Facilitadores Judiciales. Al usar este &hellip; T\u00e9rminos y condiciones Leer m\u00e1s &raquo;\" \/>\n<meta property=\"og:url\" content=\"https:\/\/pifj-oea.org\/plataforma-educativa\/terminos-y-condiciones\/\" \/>\n<meta property=\"og:site_name\" content=\"Plataforma Educativa\" \/>\n<meta property=\"article:modified_time\" content=\"2022-07-09T22:51:45+00:00\" \/>\n<meta name=\"twitter:card\" content=\"summary_large_image\" \/>\n<meta name=\"twitter:label1\" content=\"Tiempo de lectura\" \/>\n\t<meta name=\"twitter:data1\" content=\"11 minutos\" \/>\n<script type=\"application\/ld+json\" class=\"yoast-schema-graph\">{\"@context\":\"https:\/\/schema.org\",\"@graph\":[{\"@type\":\"WebPage\",\"@id\":\"https:\/\/pifj-oea.org\/plataforma-educativa\/terminos-y-condiciones\/\",\"url\":\"https:\/\/pifj-oea.org\/plataforma-educativa\/terminos-y-condiciones\/\",\"name\":\"T\u00e9rminos y condiciones - Plataforma Educativa\",\"isPartOf\":{\"@id\":\"https:\/\/pifj-oea.org\/plataforma-educativa\/#website\"},\"datePublished\":\"2020-12-10T22:24:24+00:00\",\"dateModified\":\"2022-07-09T22:51:45+00:00\",\"breadcrumb\":{\"@id\":\"https:\/\/pifj-oea.org\/plataforma-educativa\/terminos-y-condiciones\/#breadcrumb\"},\"inLanguage\":\"es\",\"potentialAction\":[{\"@type\":\"ReadAction\",\"target\":[\"https:\/\/pifj-oea.org\/plataforma-educativa\/terminos-y-condiciones\/\"]}]},{\"@type\":\"BreadcrumbList\",\"@id\":\"https:\/\/pifj-oea.org\/plataforma-educativa\/terminos-y-condiciones\/#breadcrumb\",\"itemListElement\":[{\"@type\":\"ListItem\",\"position\":1,\"name\":\"Portada\",\"item\":\"https:\/\/pifj-oea.org\/plataforma-educativa\/\"},{\"@type\":\"ListItem\",\"position\":2,\"name\":\"T\u00e9rminos y condiciones\"}]},{\"@type\":\"WebSite\",\"@id\":\"https:\/\/pifj-oea.org\/plataforma-educativa\/#website\",\"url\":\"https:\/\/pifj-oea.org\/plataforma-educativa\/\",\"name\":\"Miembros El RocketLab\",\"description\":\"\u00c1rea de miembros Plataforma Educativa\",\"publisher\":{\"@id\":\"https:\/\/pifj-oea.org\/plataforma-educativa\/#organization\"},\"potentialAction\":[{\"@type\":\"SearchAction\",\"target\":{\"@type\":\"EntryPoint\",\"urlTemplate\":\"https:\/\/pifj-oea.org\/plataforma-educativa\/?s={search_term_string}\"},\"query-input\":\"required name=search_term_string\"}],\"inLanguage\":\"es\"},{\"@type\":\"Organization\",\"@id\":\"https:\/\/pifj-oea.org\/plataforma-educativa\/#organization\",\"name\":\"Escuela ElRocketLab\",\"url\":\"https:\/\/pifj-oea.org\/plataforma-educativa\/\",\"logo\":{\"@type\":\"ImageObject\",\"inLanguage\":\"es\",\"@id\":\"https:\/\/pifj-oea.org\/plataforma-educativa\/#\/schema\/logo\/image\/\",\"url\":\"\",\"contentUrl\":\"\",\"caption\":\"Escuela ElRocketLab\"},\"image\":{\"@id\":\"https:\/\/pifj-oea.org\/plataforma-educativa\/#\/schema\/logo\/image\/\"}}]}<\/script>\n<!-- \/ Yoast SEO plugin. -->","yoast_head_json":{"title":"T\u00e9rminos y condiciones - Plataforma Educativa","robots":{"index":"noindex","follow":"nofollow"},"og_locale":"es_ES","og_type":"article","og_title":"T\u00e9rminos y condiciones - Plataforma Educativa","og_description":"1. Introducci\u00f3n \u00a1Hola! Muchas gracias por estar aqu\u00ed Lea esto detenidamente antes de usar nuestro sitio, servicios, productos. Este acuerdo (\u201d T\u00e9rminos y condiciones \u201c, \u201d T &amp; C \u201c, \u201d ToS \u201c) es un contrato legal entre usted (\u201d usted \u201c) y el Portal Educativo del Programa Interamericano de Facilitadores Judiciales. Al usar este &hellip; T\u00e9rminos y condiciones Leer m\u00e1s &raquo;","og_url":"https:\/\/pifj-oea.org\/plataforma-educativa\/terminos-y-condiciones\/","og_site_name":"Plataforma Educativa","article_modified_time":"2022-07-09T22:51:45+00:00","twitter_card":"summary_large_image","twitter_misc":{"Tiempo de lectura":"11 minutos"},"schema":{"@context":"https:\/\/schema.org","@graph":[{"@type":"WebPage","@id":"https:\/\/pifj-oea.org\/plataforma-educativa\/terminos-y-condiciones\/","url":"https:\/\/pifj-oea.org\/plataforma-educativa\/terminos-y-condiciones\/","name":"T\u00e9rminos y condiciones - Plataforma Educativa","isPartOf":{"@id":"https:\/\/pifj-oea.org\/plataforma-educativa\/#website"},"datePublished":"2020-12-10T22:24:24+00:00","dateModified":"2022-07-09T22:51:45+00:00","breadcrumb":{"@id":"https:\/\/pifj-oea.org\/plataforma-educativa\/terminos-y-condiciones\/#breadcrumb"},"inLanguage":"es","potentialAction":[{"@type":"ReadAction","target":["https:\/\/pifj-oea.org\/plataforma-educativa\/terminos-y-condiciones\/"]}]},{"@type":"BreadcrumbList","@id":"https:\/\/pifj-oea.org\/plataforma-educativa\/terminos-y-condiciones\/#breadcrumb","itemListElement":[{"@type":"ListItem","position":1,"name":"Portada","item":"https:\/\/pifj-oea.org\/plataforma-educativa\/"},{"@type":"ListItem","position":2,"name":"T\u00e9rminos y condiciones"}]},{"@type":"WebSite","@id":"https:\/\/pifj-oea.org\/plataforma-educativa\/#website","url":"https:\/\/pifj-oea.org\/plataforma-educativa\/","name":"Miembros El RocketLab","description":"\u00c1rea de miembros Plataforma Educativa","publisher":{"@id":"https:\/\/pifj-oea.org\/plataforma-educativa\/#organization"},"potentialAction":[{"@type":"SearchAction","target":{"@type":"EntryPoint","urlTemplate":"https:\/\/pifj-oea.org\/plataforma-educativa\/?s={search_term_string}"},"query-input":"required name=search_term_string"}],"inLanguage":"es"},{"@type":"Organization","@id":"https:\/\/pifj-oea.org\/plataforma-educativa\/#organization","name":"Escuela ElRocketLab","url":"https:\/\/pifj-oea.org\/plataforma-educativa\/","logo":{"@type":"ImageObject","inLanguage":"es","@id":"https:\/\/pifj-oea.org\/plataforma-educativa\/#\/schema\/logo\/image\/","url":"","contentUrl":"","caption":"Escuela ElRocketLab"},"image":{"@id":"https:\/\/pifj-oea.org\/plataforma-educativa\/#\/schema\/logo\/image\/"}}]}},"_links":{"self":[{"href":"https:\/\/pifj-oea.org\/plataforma-educativa\/wp-json\/wp\/v2\/pages\/249"}],"collection":[{"href":"https:\/\/pifj-oea.org\/plataforma-educativa\/wp-json\/wp\/v2\/pages"}],"about":[{"href":"https:\/\/pifj-oea.org\/plataforma-educativa\/wp-json\/wp\/v2\/types\/page"}],"author":[{"embeddable":true,"href":"https:\/\/pifj-oea.org\/plataforma-educativa\/wp-json\/wp\/v2\/users\/21"}],"replies":[{"embeddable":true,"href":"https:\/\/pifj-oea.org\/plataforma-educativa\/wp-json\/wp\/v2\/comments?post=249"}],"version-history":[{"count":11,"href":"https:\/\/pifj-oea.org\/plataforma-educativa\/wp-json\/wp\/v2\/pages\/249\/revisions"}],"predecessor-version":[{"id":919,"href":"https:\/\/pifj-oea.org\/plataforma-educativa\/wp-json\/wp\/v2\/pages\/249\/revisions\/919"}],"wp:attachment":[{"href":"https:\/\/pifj-oea.org\/plataforma-educativa\/wp-json\/wp\/v2\/media?parent=249"}],"curies":[{"name":"wp","href":"https:\/\/api.w.org\/{rel}","templated":true}]}}